{"id":1554,"date":"2020-06-18T16:58:00","date_gmt":"2020-06-18T16:58:00","guid":{"rendered":"https:\/\/www.sajeta.org\/?page_id=1554"},"modified":"2020-06-22T08:30:56","modified_gmt":"2020-06-22T08:30:56","slug":"terms-conditions","status":"publish","type":"page","link":"https:\/\/www.sajeta.org\/sl\/terms-conditions\/","title":{"rendered":"POGOJI UPORABE SPLETNIH STRANI"},"content":{"rendered":"\n<h2 class=\"wp-block-heading\"><strong>Splo\u0161ne dolo\u010dbe<\/strong><\/h2>\n\n\n\n<p>Spletno mesto <a href=\"http:\/\/www.sajeta.org\/\">www.sajeta.org<\/a> in z njim povezane vsebine so last ZVEZE DRU\u0160TEV MLADIH IN KREATIVNIH TOLMIN, Gregor\u010di\u010deva 2, 5220 Tolmin, mati\u010dna \u0161tevilka: 1130358000 (v nadaljevanju: Zveza MINK).<\/p>\n\n\n\n<p>Ti splo\u0161ni pogoji veljajo za celotno spletno mesto in vse njegove posamezne dele, kot so razdelki, podstrani ali aplikacije na spletnih straneh, \u010de za posamezen del izrecno ni dolo\u010deno druga\u010de. Zveza MINK si pridru\u017euje pravico, da te splo\u0161ne pogoje kadarkoli in brez predhodne najave spremeni, tako da novo razli\u010dico objavi na spletni strani.<strong><\/strong><\/p>\n\n\n\n<h2 class=\"wp-block-heading\"><strong>Vsebine spletnega mesta in omejitev odgovornosti pri uporabi spletnega mesta<\/strong><\/h2>\n\n\n\n<p>Vsebine, objavljene na spletnem mestu (v nadaljevanju vsebine), so nastale z najbolj\u0161im namenom obve\u0161\u010danja in zagotavljanja koristnih in uporabnih vsebin za obiskovalce spletnega mesta. Uporabniki uporabljajo objavljene vsebine na lastno odgovornost.<\/p>\n\n\n\n<p>Zveza MINK sku\u0161a na spletnih straneh po svojih najbolj\u0161ih mo\u010deh zagotavljati to\u010dnost in pravilnost podatkov, vendar ne prevzema nikakr\u0161ne odgovornosti glede to\u010dnosti in pravilnosti na spletnih straneh objavljenih posredovanih informacij in vsebin, ne prevzema odgovornosti zaradi spremembe ali izbrisa \u017ee objavljenih informacij ali vsebin in ne prevzema odgovornosti za morebitno nastalo \u0161kodo, ki bi obiskovalcu spletnih strani ali prejemniku obvestil nastala zaradi uporabe ali nemo\u017enosti uporabe tam objavljenih informacij in drugih vsebin. Zveza MINK prav tako ne odgovarja za po\u0161kodbe ra\u010dunalni\u0161ke opreme, mobilnih telefonov ali katerekoli druge aplikacije, s katero je mogo\u010de dostopati do spletnih strani in jih uporabljati (vklju\u010dno s po\u0161kodbami, ki jih povzro\u010dijo virusi).<\/p>\n\n\n\n<p>Na spletnem mestu so objavljene tudi povezave, ki ka\u017eejo na spletne strani drugih oseb. Na delovanje teh strani in njihovo vsebino Zveza MINK ne more vplivati in ne sprejema nikakr\u0161ne odgovornosti za to\u010dnost teh informacij in vsebin.<\/p>\n\n\n\n<p>Zveza MINK si pridr\u017euje pravico, da spremeni vsebino spletnih strani na kakr\u0161enkoli na\u010din in brez predhodnega obvestila, ter ne prevzema nikakr\u0161ne odgovornosti za posledice takih sprememb.<\/p>\n\n\n\n<p>Spletno mesto in z njim povezane vsebine se smejo uporabljati le v nekomercialne namene in ob upo\u0161tevanju avtorskih pravic v skladu z zakonom in temi splo\u0161nimi pogoji uporabe.<strong><\/strong><\/p>\n\n\n\n<h2 class=\"wp-block-heading\"><strong>Avtorske pravice<\/strong><\/h2>\n\n\n\n<p>Vse vsebine, grafi\u010dni in drugi elementi na spletnih straneh so predmet avtorske za\u0161\u010dite ter drugih oblik za\u0161\u010dite intelektualne lastnine.<\/p>\n\n\n\n<p>\u010ce pri posamezni vsebini na spletnih straneh ni navedeno druga\u010de, je vsebine spletnih strani dovoljeno prosto reproducirati in distribuirati v elektronski obliki ali dajati na voljo javnosti, vse izklju\u010dno za nepridobitne (nekomercialne) namene in pod pogojem, da se ne spreminjajo, ne predelujejo ter da se navede vir v obliki aktivne povezave z imenom \u00bbZveza MINK\u00ab, ki ka\u017ee na spletno mesto <a href=\"http:\/\/www.sajeta.org\/\">www.sajeta.org<\/a>.<\/p>\n\n\n\n<p>Vsebin na spletni strani ni dovoljeno reproducirati, distribuirati ali predelovati v drugih oblikah ali uporabljati za komercialne namene brez predhodnega pisnega soglasja Zveze MINK.<strong><\/strong><\/p>\n\n\n\n<h2 class=\"wp-block-heading\"><strong>Varstvo osebnih podatkov<\/strong><\/h2>\n\n\n\n<p>V Zvezi MINK spo\u0161tujemo zasebnost in varnost osebnih podatkov uporabnikov. Zavezujemo se, da bomo va\u0161e osebne podatke uporabili izklju\u010dno za namene, ki so navedeni spodaj v Politiki zasebnosti. Va\u0161e osebne podatke varujemo skrbno in v skladu s Splo\u0161no uredbo o varstvu podatkov (Uredba (EU) 2016\/679 EVROPSKEGA PARLAMENTA IN SVETA z dne 27. aprila 2016 o varstvu posameznikov pri obdelavi osebnih podatkov in o prostem pretoku takih podatkov ter o razveljavitvi Direktive 95\/46\/ES) (v nadaljevanju: GDPR) ter z drugimi pravnimi predpisi, ki urejajo podro\u010dje varstva osebnih podatkov.<strong><\/strong><\/p>\n\n\n\n<h2 class=\"wp-block-heading\"><strong>Pi\u0161kotki<\/strong><\/h2>\n\n\n\n<p>Spletno mesto uporablja besedilne datoteke (t. i. \u00bbpi\u0161kotke), ki jih shrani v naprave, s katerimi uporabniki interneta dostopajo do spletnega mesta, in ki so namenjene prepoznavanju teh naprav. Spletna stran uporablja pi\u0161kotke z namenom zbiranja podatkov o njeni uporabi za izbolj\u0161anje uporabni\u0161ke izku\u0161nje.<\/p>\n\n\n\n<p>Na na\u0161ih spletnih straneh uporabljamo naslednje vrste pi\u0161kotkov:<strong><\/strong><\/p>\n\n\n\n<ul><li><strong>Google Analytics <\/strong>(__utma &#8211; trajanje 2 leti, __utmb &#8211; trajanje 30 minut, __utmc &#8211; trajanje do konca seje, __utmz &#8211; trajanje 6 mesecev, __utmv &#8211; trajanje 2 leti, _ga &#8211; trajanje 2 leti, _gat &#8211; trajanje 10 minut): slu\u017eijo za anonimno zbiranje podatkov in poro\u010danje o gibanju na spletnih mestih brez prepoznavanja posameznih obiskovalcev.<strong><\/strong><\/li><li><strong>Facebook <\/strong>(reg_fb_gate &#8211; trajanje do konca seje, reg_fb_ref &#8211; trajanje do konca seje, datr &#8211; trajanje 2 leti): slu\u017eijo za slednje u\u010dinkovitosti registracije, ugotavljanju kako je uporabnik pri\u0161el na Facebook prvotno, ko si je ustvaril ra\u010dun.<strong><\/strong><\/li><li><strong>YouTube <\/strong>(PREF &#8211; trajanje 8 mesecev, VISITOR_INFO1_LIVE &#8211; trajanje 8 mesecev, YSC &#8211; trajanje do konca seje,..): slu\u017ejo za bele\u017eenje stastisike ogledov, za sledenje preferenc uporabnikov in za razvr\u0161\u010danje povezanih reklam znotraj posnetka na omre\u017eju YouTube.<strong><\/strong><\/li><li><strong>Vimeo <\/strong>(__utma &#8211; trajanje 2 leti, __utmb &#8211; trajanje 30 minut, __utmc &#8211; trajanje do konca seje, __utmz &#8211; trajanje 6 mesecev, __utmv &#8211; trajanje 2 leti, vuid &#8211; trajanje 2 leti, _utmt_player &#8211; trajanje 10 minut): slu\u017eijo za anonimno zbiranje podatkov in poro\u010danje o ogledu posnetkov na omre\u017eju Vimeo.<strong><\/strong><\/li><li><strong>Google Map <\/strong>(SID &#8211; trajanje 2 leti, SAPISID &#8211; trajanje 2 leti, APISID &#8211; trajanje 2 leti, SSID &#8211; trajanje 2 leti, HSID &#8211; trajanje 2 leti, NID &#8211; trajanje 6 mesecev, PREF &#8211; trajanje 8 mesecev): slu\u017eijo za merjenje \u0161tevila in za sledenje obna\u0161anja uporabnikov Google Maps.<strong><\/strong><\/li><li><strong>SoundCloud<\/strong><\/li><\/ul>\n\n\n\n<h2 class=\"wp-block-heading\"><strong>Kontaktni podatki<\/strong><\/h2>\n\n\n\n<p>\u010ce ste odkrili napako ali drugo pomanjkljivost na spletni strani, nam to prosim sporo\u010dite na info@sajeta.org<\/p>\n\n\n\n<p>Na naslov <a href=\"mailto:info@sajeta.org\">info@sajeta.org<\/a> lahko sporo\u010dite tudi zahtevo za umik svojih osebnih podatkov s spletnih strani, kar zajema tudi slikovni ali video posnetek, na katerem se posameznik pojavi.<\/p>\n\n\n\n<p>Zveza MINK bo v tem primeru osebne podatke umaknila s spletnih strani, ne odgovarja pa za objavo teh podatkov ali posnetkov na drugih stre\u017enikih, kjer jih objavijo druge osebe. Na istem naslovu smo vam na voljo tudi za druge informacije in morebitna pooblastila v zvezi z avtorskimi pravicami.<\/p>\n\n\n\n<p>To pravno obvestilo je bilo nazadnje posodobljeno: 18. 6. 2020.<\/p>\n","protected":false},"excerpt":{"rendered":"<p>Splo\u0161ne dolo\u010dbe Spletno mesto www.sajeta.org in z njim povezane vsebine so last ZVEZE DRU\u0160TEV MLADIH IN KREATIVNIH TOLMIN, Gregor\u010di\u010deva 2, 5220 Tolmin, mati\u010dna \u0161tevilka: 1130358000 (v nadaljevanju: Zveza MINK). Ti splo\u0161ni pogoji veljajo za celotno spletno mesto in vse njegove posamezne dele, kot so razdelki, podstrani ali aplikacije na spletnih straneh, \u010de za posamezen del [&hellip;]<\/p>\n","protected":false},"author":1,"featured_media":0,"parent":0,"menu_order":0,"comment_status":"closed","ping_status":"closed","template":"","meta":{"_acf_changed":false,"inline_featured_image":false,"footnotes":""},"acf":[],"yoast_head":"<!-- This site is optimized with the Yoast SEO plugin v22.7 - https:\/\/yoast.com\/wordpress\/plugins\/seo\/ -->\n<title>POGOJI UPORABE SPLETNIH STRANI - Sajeta<\/title>\n<meta name=\"robots\" content=\"index, follow, max-snippet:-1, max-image-preview:large, max-video-preview:-1\" \/>\n<link rel=\"canonical\" href=\"https:\/\/www.sajeta.org\/sl\/terms-conditions\/\" \/>\n<meta property=\"og:locale\" content=\"sl_SI\" \/>\n<meta property=\"og:type\" content=\"article\" \/>\n<meta property=\"og:title\" content=\"POGOJI UPORABE SPLETNIH STRANI - Sajeta\" \/>\n<meta property=\"og:description\" content=\"Splo\u0161ne dolo\u010dbe Spletno mesto www.sajeta.org in z njim povezane vsebine so last ZVEZE DRU\u0160TEV MLADIH IN KREATIVNIH TOLMIN, Gregor\u010di\u010deva 2, 5220 Tolmin, mati\u010dna \u0161tevilka: 1130358000 (v nadaljevanju: Zveza MINK). Ti splo\u0161ni pogoji veljajo za celotno spletno mesto in vse njegove posamezne dele, kot so razdelki, podstrani ali aplikacije na spletnih straneh, \u010de za posamezen del [&hellip;]\" \/>\n<meta property=\"og:url\" content=\"https:\/\/www.sajeta.org\/sl\/terms-conditions\/\" \/>\n<meta property=\"og:site_name\" content=\"Sajeta\" \/>\n<meta property=\"article:modified_time\" content=\"2020-06-22T08:30:56+00:00\" \/>\n<meta name=\"twitter:card\" content=\"summary_large_image\" \/>\n<meta name=\"twitter:label1\" content=\"Est. reading time\" \/>\n\t<meta name=\"twitter:data1\" content=\"5 minut\" \/>\n<script type=\"application\/ld+json\" class=\"yoast-schema-graph\">{\"@context\":\"https:\/\/schema.org\",\"@graph\":[{\"@type\":\"WebPage\",\"@id\":\"https:\/\/www.sajeta.org\/sl\/terms-conditions\/\",\"url\":\"https:\/\/www.sajeta.org\/sl\/terms-conditions\/\",\"name\":\"POGOJI UPORABE SPLETNIH STRANI - Sajeta\",\"isPartOf\":{\"@id\":\"https:\/\/www.sajeta.org\/sl\/#website\"},\"datePublished\":\"2020-06-18T16:58:00+00:00\",\"dateModified\":\"2020-06-22T08:30:56+00:00\",\"breadcrumb\":{\"@id\":\"https:\/\/www.sajeta.org\/sl\/terms-conditions\/#breadcrumb\"},\"inLanguage\":\"sl-SI\",\"potentialAction\":[{\"@type\":\"ReadAction\",\"target\":[\"https:\/\/www.sajeta.org\/sl\/terms-conditions\/\"]}]},{\"@type\":\"BreadcrumbList\",\"@id\":\"https:\/\/www.sajeta.org\/sl\/terms-conditions\/#breadcrumb\",\"itemListElement\":[{\"@type\":\"ListItem\",\"position\":1,\"name\":\"Domov\",\"item\":\"https:\/\/www.sajeta.org\/sl\/\"},{\"@type\":\"ListItem\",\"position\":2,\"name\":\"POGOJI UPORABE SPLETNIH STRANI\"}]},{\"@type\":\"WebSite\",\"@id\":\"https:\/\/www.sajeta.org\/sl\/#website\",\"url\":\"https:\/\/www.sajeta.org\/sl\/\",\"name\":\"Sajeta\",\"description\":\"Art &amp; Music Festival\",\"potentialAction\":[{\"@type\":\"SearchAction\",\"target\":{\"@type\":\"EntryPoint\",\"urlTemplate\":\"https:\/\/www.sajeta.org\/sl\/?s={search_term_string}\"},\"query-input\":\"required name=search_term_string\"}],\"inLanguage\":\"sl-SI\"}]}<\/script>\n<!-- \/ Yoast SEO plugin. -->","yoast_head_json":{"title":"POGOJI UPORABE SPLETNIH STRANI - Sajeta","robots":{"index":"index","follow":"follow","max-snippet":"max-snippet:-1","max-image-preview":"max-image-preview:large","max-video-preview":"max-video-preview:-1"},"canonical":"https:\/\/www.sajeta.org\/sl\/terms-conditions\/","og_locale":"sl_SI","og_type":"article","og_title":"POGOJI UPORABE SPLETNIH STRANI - Sajeta","og_description":"Splo\u0161ne dolo\u010dbe Spletno mesto www.sajeta.org in z njim povezane vsebine so last ZVEZE DRU\u0160TEV MLADIH IN KREATIVNIH TOLMIN, Gregor\u010di\u010deva 2, 5220 Tolmin, mati\u010dna \u0161tevilka: 1130358000 (v nadaljevanju: Zveza MINK). Ti splo\u0161ni pogoji veljajo za celotno spletno mesto in vse njegove posamezne dele, kot so razdelki, podstrani ali aplikacije na spletnih straneh, \u010de za posamezen del [&hellip;]","og_url":"https:\/\/www.sajeta.org\/sl\/terms-conditions\/","og_site_name":"Sajeta","article_modified_time":"2020-06-22T08:30:56+00:00","twitter_card":"summary_large_image","twitter_misc":{"Est. reading time":"5 minut"},"schema":{"@context":"https:\/\/schema.org","@graph":[{"@type":"WebPage","@id":"https:\/\/www.sajeta.org\/sl\/terms-conditions\/","url":"https:\/\/www.sajeta.org\/sl\/terms-conditions\/","name":"POGOJI UPORABE SPLETNIH STRANI - Sajeta","isPartOf":{"@id":"https:\/\/www.sajeta.org\/sl\/#website"},"datePublished":"2020-06-18T16:58:00+00:00","dateModified":"2020-06-22T08:30:56+00:00","breadcrumb":{"@id":"https:\/\/www.sajeta.org\/sl\/terms-conditions\/#breadcrumb"},"inLanguage":"sl-SI","potentialAction":[{"@type":"ReadAction","target":["https:\/\/www.sajeta.org\/sl\/terms-conditions\/"]}]},{"@type":"BreadcrumbList","@id":"https:\/\/www.sajeta.org\/sl\/terms-conditions\/#breadcrumb","itemListElement":[{"@type":"ListItem","position":1,"name":"Domov","item":"https:\/\/www.sajeta.org\/sl\/"},{"@type":"ListItem","position":2,"name":"POGOJI UPORABE SPLETNIH STRANI"}]},{"@type":"WebSite","@id":"https:\/\/www.sajeta.org\/sl\/#website","url":"https:\/\/www.sajeta.org\/sl\/","name":"Sajeta","description":"Art &amp; Music Festival","potentialAction":[{"@type":"SearchAction","target":{"@type":"EntryPoint","urlTemplate":"https:\/\/www.sajeta.org\/sl\/?s={search_term_string}"},"query-input":"required name=search_term_string"}],"inLanguage":"sl-SI"}]}},"_links":{"self":[{"href":"https:\/\/www.sajeta.org\/sl\/wp-json\/wp\/v2\/pages\/1554"}],"collection":[{"href":"https:\/\/www.sajeta.org\/sl\/wp-json\/wp\/v2\/pages"}],"about":[{"href":"https:\/\/www.sajeta.org\/sl\/wp-json\/wp\/v2\/types\/page"}],"author":[{"embeddable":true,"href":"https:\/\/www.sajeta.org\/sl\/wp-json\/wp\/v2\/users\/1"}],"replies":[{"embeddable":true,"href":"https:\/\/www.sajeta.org\/sl\/wp-json\/wp\/v2\/comments?post=1554"}],"version-history":[{"count":2,"href":"https:\/\/www.sajeta.org\/sl\/wp-json\/wp\/v2\/pages\/1554\/revisions"}],"predecessor-version":[{"id":1559,"href":"https:\/\/www.sajeta.org\/sl\/wp-json\/wp\/v2\/pages\/1554\/revisions\/1559"}],"wp:attachment":[{"href":"https:\/\/www.sajeta.org\/sl\/wp-json\/wp\/v2\/media?parent=1554"}],"curies":[{"name":"wp","href":"https:\/\/api.w.org\/{rel}","templated":true}]}}