{"id":1551,"date":"2020-06-18T16:55:11","date_gmt":"2020-06-18T16:55:11","guid":{"rendered":"https:\/\/www.sajeta.org\/?page_id=1551"},"modified":"2020-06-22T08:30:36","modified_gmt":"2020-06-22T08:30:36","slug":"privacy-policy","status":"publish","type":"page","link":"https:\/\/www.sajeta.org\/sl\/privacy-policy\/","title":{"rendered":"POLITIKA VARSTVA OSEBNIH PODATKOV"},"content":{"rendered":"\n<p><strong>Prosimo vas, da pred privolitvijo obdelave osebnih podatkov skrbno preberete politiko varstva osebnih podatkov. Zagotavljamo vam, da bodo va\u0161i osebni podatki obdelani v skladu z najnovej\u0161imi standardi in zakonodajo iz podro\u010dja varstva osebnih podatkov.<\/strong><\/p>\n\n\n\n<p><strong>Va\u0161e podatke bomo uporabili izklju\u010dno za namene elektronskega obve\u0161\u010danja o novicah in napovedih Festivala Sajeta ter za obvestila povezana z na\u0161o dejavnostjo in javnosti ne bodo dostopni. Zbrane osebne podatke bomo varovali v skladu z ZVOP-1, ZVOP-2, ZPT-1B in GDPR.<\/strong><\/p>\n\n\n\n<h4 class=\"wp-block-heading\"><strong>1. Upravljavec<\/strong><\/h4>\n\n\n\n<p>Uradno ime zveze: <strong>ZVEZA DRU\u0160TEV MLADIH IN KREATIVNIH TOLMIN<\/strong><br>Sede\u017e zveze: <strong>Gregor\u010di\u010deva ulica 2, 5220 Tolmin<\/strong><br>Odgovorna oseba v zvezi:<strong> Janez Leban, direktor<\/strong><\/p>\n\n\n\n<p><strong>Poobla\u0161\u010dena oseba za varstvo podatkov v zvezi: Janez Leban<br>Kontaktni podatki poobla\u0161\u010dene osebe za varstvo podatkov: <a href=\"mailto:janez@sajeta.org\" target=\"_blank\" rel=\"noreferrer noopener\">janez@sajeta.org<\/a><\/strong><\/p>\n\n\n\n<h4 class=\"wp-block-heading\">2. Kaj so osebni podatki?<strong><\/strong><\/h4>\n\n\n\n<p><strong>Osebni podatki <\/strong>so katerikoli podatki, ki se nana\u0161ajo na dolo\u010deno fizi\u010dno osebo, torej posameznika, na glede na obliko, v kateri so izra\u017eeni. Gre za podatke na podlagi katerih vas je mogo\u010de identificirati.<\/p>\n\n\n\n<h4 class=\"wp-block-heading\">3. Obdelava va\u0161ih osebnih podatkov<\/h4>\n\n\n\n<p>Va\u0161e osebne podatke v skladu z Uredbo lahko zveza upravlja, zbira in obdeluje le na podlagi va\u0161ega izrecnega pisnega ali elektronskega soglasja.<\/p>\n\n\n\n<h4 class=\"wp-block-heading\"><strong>4. Uporaba, obseg in namen hranjenja in obdelave<\/strong><\/h4>\n\n\n\n<p>Osebne podatke hranimo in obdelujemo za namene ohranjevanja stika z obiskovalci, tr\u017enega obve\u0161\u010danja prek elektronske po\u0161te o dogodkih, profiliranja obiskovalcev s ciljem prilagojene ponudbe vsebin obiskovalcem v elektronski po\u0161ti in na spletnih straneh. Ob poslanih elektronskih sporo\u010dilih si zabele\u017eimo prikaze na strani posameznikov prejetih sporo\u010dil in klike na povezave v prejetih sporo\u010dilih. Za bolj\u0161o in bolj usmerjeno ponudbo ter prilagajanje nadaljnjih sporo\u010dil zabele\u017eene podatke avtomatsko obdelamo, analiziramo, profiliramo ter ocenjujemo zainteresiranost na\u0161ih obiskovalcev za poslana sporo\u010dila. Na osnovi zabele\u017eenih podatkov in ustvarjenih profilov ne izvajamo avtomatiziranega sprejemanja odlo\u010ditev.<\/p>\n\n\n\n<p>Za namen obve\u0161\u010danja z elektronsko po\u0161to hranimo:<\/p>\n\n\n\n<ul><li>naslov elektronske po\u0161te<\/li><li>ime<\/li><li>priimek<\/li><li>spol<\/li><\/ul>\n\n\n\n<p>Osebne podatke zbiramo z izrecno privolitvijo oz. soglasjem posameznikov. Soglasja hranimo skupaj z njihovo vsebino in vsebino obrazca, s katerim so bila dobljena. Vse zbirke osebnih podatkov bomo skrbno varovali z najnovej\u0161imi tehni\u010dnimi varnostnimi sredstvi.<strong><\/strong><\/p>\n\n\n\n<h4 class=\"wp-block-heading\"><strong>5. Iznos<\/strong><\/h4>\n\n\n\n<p>Zbirke osebnih podatkov hranimo na obmo\u010dju Republike Slovenije ter jih ne izna\u0161amo v druge dr\u017eave.<strong><\/strong><\/p>\n\n\n\n<h4 class=\"wp-block-heading\"><strong>6. Obdobje hrambe<\/strong><\/h4>\n\n\n\n<p>Osebne podatke posameznika hranimo do preklica soglasja za hranjenje in obdelavo podatkov posameznika. Po preklicu soglasja posameznika njegove osebne podatke nemudoma u\u010dinkovito in trajno izbri\u0161emo. V kolikor bi v na\u0161i zvezi prenehali zgoraj opisani nameni, zaradi katerih hranimo in obdelujemo osebne podatke, bomo zbirke podatkov, katerih namen je prenehal, nemudoma u\u010dinkovito in trajno izbrisali.<\/p>\n\n\n\n<h4 class=\"wp-block-heading\">7. <strong>Pi\u0161kotki<\/strong><\/h4>\n\n\n\n<p>Spletno mesto uporablja besedilne datoteke (t. i. \u00bbpi\u0161kotke), ki jih shrani v naprave, s katerimi uporabniki interneta dostopajo do spletnega mesta, in ki so namenjene prepoznavanju teh naprav. Spletna stran uporablja pi\u0161kotke z namenom zbiranja podatkov o njeni uporabi za izbolj\u0161anje uporabni\u0161ke izku\u0161nje.<\/p>\n\n\n\n<p>Na na\u0161ih spletnih straneh uporabljamo naslednje vrste pi\u0161kotkov:<strong><\/strong><\/p>\n\n\n\n<ul><li><strong>Google Analytics <\/strong>(__utma &#8211; trajanje 2 leti, __utmb &#8211; trajanje 30 minut, __utmc &#8211; trajanje do konca seje, __utmz &#8211; trajanje 6 mesecev, __utmv &#8211; trajanje 2 leti, _ga &#8211; trajanje 2 leti, _gat &#8211; trajanje 10 minut): slu\u017eijo za anonimno zbiranje podatkov in poro\u010danje o gibanju na spletnih mestih brez prepoznavanja posameznih obiskovalcev.<strong><\/strong><\/li><li><strong>Facebook <\/strong>(reg_fb_gate &#8211; trajanje do konca seje, reg_fb_ref &#8211; trajanje do konca seje, datr &#8211; trajanje 2 leti): slu\u017eijo za slednje u\u010dinkovitosti registracije, ugotavljanju kako je uporabnik pri\u0161el na Facebook prvotno, ko si je ustvaril ra\u010dun.<strong><\/strong><\/li><li><strong>YouTube <\/strong>(PREF &#8211; trajanje 8 mesecev, VISITOR_INFO1_LIVE &#8211; trajanje 8 mesecev, YSC &#8211; trajanje do konca seje,..): slu\u017ejo za bele\u017eenje stastisike ogledov, za sledenje preferenc uporabnikov in za razvr\u0161\u010danje povezanih reklam znotraj posnetka na omre\u017eju YouTube.<strong><\/strong><\/li><li><strong>Vimeo <\/strong>(__utma &#8211; trajanje 2 leti, __utmb &#8211; trajanje 30 minut, __utmc &#8211; trajanje do konca seje, __utmz &#8211; trajanje 6 mesecev, __utmv &#8211; trajanje 2 leti, vuid &#8211; trajanje 2 leti, _utmt_player &#8211; trajanje 10 minut): slu\u017eijo za anonimno zbiranje podatkov in poro\u010danje o ogledu posnetkov na omre\u017eju Vimeo.<strong><\/strong><\/li><li><strong>Google Map <\/strong>(SID &#8211; trajanje 2 leti, SAPISID &#8211; trajanje 2 leti, APISID &#8211; trajanje 2 leti, SSID &#8211; trajanje 2 leti, HSID &#8211; trajanje 2 leti, NID &#8211; trajanje 6 mesecev, PREF &#8211; trajanje 8 mesecev): slu\u017eijo za merjenje \u0161tevila in za sledenje obna\u0161anja uporabnikov Google Maps.<strong><\/strong><\/li><li><strong>SoundCloud<\/strong><\/li><\/ul>\n\n\n\n<h4 class=\"wp-block-heading\"><strong>8. Pravice posameznika (osebe)<\/strong><\/h4>\n\n\n\n<p>Vsak posameznik lahko za svoje podatke kadarkoli zahteva:<\/p>\n\n\n\n<ul><li>vpogled,<\/li><li>popravek,<\/li><li>popoln izbris,<\/li><li>prenos drugemu ponudniku sorodnih storitev,<\/li><li>prekinitev obdelave in hranjenja oz. preklic soglasja za obdelavo in hranjenje, ne da bi to vplivalo na zakonitost obdelave, ki se je na podlagi privolitve oz. soglasja izvajala do njegovega preklica.<\/li><\/ul>\n\n\n\n<p>V primeru, da bi v na\u0161i zvezi \u017eeleli nadalje obdelovati osebne podatke za namen, ki ni namen, za katerega so bili osebni podatki zbrani, bomo posamezniku pred tako nadaljnjo obdelavo podatkov zagotovili informacije o tem drugem namenu in vse nadaljnje relevantne informacije, kot so podane v temu dokumentu.<strong><\/strong><\/p>\n\n\n\n<h4 class=\"wp-block-heading\">9. Kr\u0161itev varstva osebnih podatkov<\/h4>\n\n\n\n<p>V primeru kr\u0161itve varstva va\u0161ih osebnih podatkov in v primeru, da bi bila ob tem izkazana verjetnost, da bi taka kr\u0161itev varstva osebnih podatkov lahko povzro\u010dila veliko tveganje za va\u0161e pravice in svobo\u0161\u010dine, vas bomo o tem nemudoma obvestili.<\/p>\n\n\n\n<p>V primeru kr\u0161itve varstva osebnih podatkov bomo brez nepotrebnega odla\u0161anja, najkasneje pa v 72. urah po seznanitvi s kr\u0161itvijo varstva va\u0161ih osebnih podatkov, o njej obvestili pristojni organ.<\/p>\n\n\n\n<h4 class=\"wp-block-heading\"><strong>10. Pravica do prito\u017ebe<\/strong><\/h4>\n\n\n\n<p>Vsak posameznik lahko v primeru, da meni, da so mu z na\u0161e strani kakorkoli kr\u0161ene pravice z naslova varstva njegovih osebnih podatkov, kadarkoli poda prito\u017ebo pri nadzornemu organu \u2013 Informacijskemu poobla\u0161\u010dencu v Republiki Sloveniji:<\/p>\n\n\n\n<p>Republika Slovenija, Informacijski poobla\u0161\u010denec, Zalo\u0161ka 59, 1000 Ljubljana, <a href=\"https:\/\/www.ip-rs.si\/\">https:\/\/www.ip-rs.si<\/a><\/p>\n\n\n\n<p>Storili bomo vse, kar je v na\u0161i mo\u010di, da posamezniku pomagamo pri uveljavljanju svojih pravic.<\/p>\n","protected":false},"excerpt":{"rendered":"<p>Prosimo vas, da pred privolitvijo obdelave osebnih podatkov skrbno preberete politiko varstva osebnih podatkov. Zagotavljamo vam, da bodo va\u0161i osebni podatki obdelani v skladu z najnovej\u0161imi standardi in zakonodajo iz podro\u010dja varstva osebnih podatkov. Va\u0161e podatke bomo uporabili izklju\u010dno za namene elektronskega obve\u0161\u010danja o novicah in napovedih Festivala Sajeta ter za obvestila povezana z na\u0161o [&hellip;]<\/p>\n","protected":false},"author":1,"featured_media":0,"parent":0,"menu_order":0,"comment_status":"closed","ping_status":"closed","template":"","meta":{"_acf_changed":false,"inline_featured_image":false,"footnotes":""},"acf":[],"yoast_head":"<!-- This site is optimized with the Yoast SEO plugin v22.7 - https:\/\/yoast.com\/wordpress\/plugins\/seo\/ -->\n<title>POLITIKA VARSTVA OSEBNIH PODATKOV - Sajeta<\/title>\n<meta name=\"robots\" content=\"index, follow, max-snippet:-1, max-image-preview:large, max-video-preview:-1\" \/>\n<link rel=\"canonical\" href=\"https:\/\/www.sajeta.org\/sl\/privacy-policy\/\" \/>\n<meta property=\"og:locale\" content=\"sl_SI\" \/>\n<meta property=\"og:type\" content=\"article\" \/>\n<meta property=\"og:title\" content=\"POLITIKA VARSTVA OSEBNIH PODATKOV - Sajeta\" \/>\n<meta property=\"og:description\" content=\"Prosimo vas, da pred privolitvijo obdelave osebnih podatkov skrbno preberete politiko varstva osebnih podatkov. Zagotavljamo vam, da bodo va\u0161i osebni podatki obdelani v skladu z najnovej\u0161imi standardi in zakonodajo iz podro\u010dja varstva osebnih podatkov. Va\u0161e podatke bomo uporabili izklju\u010dno za namene elektronskega obve\u0161\u010danja o novicah in napovedih Festivala Sajeta ter za obvestila povezana z na\u0161o [&hellip;]\" \/>\n<meta property=\"og:url\" content=\"https:\/\/www.sajeta.org\/sl\/privacy-policy\/\" \/>\n<meta property=\"og:site_name\" content=\"Sajeta\" \/>\n<meta property=\"article:modified_time\" content=\"2020-06-22T08:30:36+00:00\" \/>\n<meta name=\"twitter:card\" content=\"summary_large_image\" \/>\n<meta name=\"twitter:label1\" content=\"Est. reading time\" \/>\n\t<meta name=\"twitter:data1\" content=\"5 minut\" \/>\n<script type=\"application\/ld+json\" class=\"yoast-schema-graph\">{\"@context\":\"https:\/\/schema.org\",\"@graph\":[{\"@type\":\"WebPage\",\"@id\":\"https:\/\/www.sajeta.org\/sl\/privacy-policy\/\",\"url\":\"https:\/\/www.sajeta.org\/sl\/privacy-policy\/\",\"name\":\"POLITIKA VARSTVA OSEBNIH PODATKOV - Sajeta\",\"isPartOf\":{\"@id\":\"https:\/\/www.sajeta.org\/sl\/#website\"},\"datePublished\":\"2020-06-18T16:55:11+00:00\",\"dateModified\":\"2020-06-22T08:30:36+00:00\",\"breadcrumb\":{\"@id\":\"https:\/\/www.sajeta.org\/sl\/privacy-policy\/#breadcrumb\"},\"inLanguage\":\"sl-SI\",\"potentialAction\":[{\"@type\":\"ReadAction\",\"target\":[\"https:\/\/www.sajeta.org\/sl\/privacy-policy\/\"]}]},{\"@type\":\"BreadcrumbList\",\"@id\":\"https:\/\/www.sajeta.org\/sl\/privacy-policy\/#breadcrumb\",\"itemListElement\":[{\"@type\":\"ListItem\",\"position\":1,\"name\":\"Domov\",\"item\":\"https:\/\/www.sajeta.org\/sl\/\"},{\"@type\":\"ListItem\",\"position\":2,\"name\":\"POLITIKA VARSTVA OSEBNIH PODATKOV\"}]},{\"@type\":\"WebSite\",\"@id\":\"https:\/\/www.sajeta.org\/sl\/#website\",\"url\":\"https:\/\/www.sajeta.org\/sl\/\",\"name\":\"Sajeta\",\"description\":\"Art &amp; Music Festival\",\"potentialAction\":[{\"@type\":\"SearchAction\",\"target\":{\"@type\":\"EntryPoint\",\"urlTemplate\":\"https:\/\/www.sajeta.org\/sl\/?s={search_term_string}\"},\"query-input\":\"required name=search_term_string\"}],\"inLanguage\":\"sl-SI\"}]}<\/script>\n<!-- \/ Yoast SEO plugin. -->","yoast_head_json":{"title":"POLITIKA VARSTVA OSEBNIH PODATKOV - Sajeta","robots":{"index":"index","follow":"follow","max-snippet":"max-snippet:-1","max-image-preview":"max-image-preview:large","max-video-preview":"max-video-preview:-1"},"canonical":"https:\/\/www.sajeta.org\/sl\/privacy-policy\/","og_locale":"sl_SI","og_type":"article","og_title":"POLITIKA VARSTVA OSEBNIH PODATKOV - Sajeta","og_description":"Prosimo vas, da pred privolitvijo obdelave osebnih podatkov skrbno preberete politiko varstva osebnih podatkov. Zagotavljamo vam, da bodo va\u0161i osebni podatki obdelani v skladu z najnovej\u0161imi standardi in zakonodajo iz podro\u010dja varstva osebnih podatkov. Va\u0161e podatke bomo uporabili izklju\u010dno za namene elektronskega obve\u0161\u010danja o novicah in napovedih Festivala Sajeta ter za obvestila povezana z na\u0161o [&hellip;]","og_url":"https:\/\/www.sajeta.org\/sl\/privacy-policy\/","og_site_name":"Sajeta","article_modified_time":"2020-06-22T08:30:36+00:00","twitter_card":"summary_large_image","twitter_misc":{"Est. reading time":"5 minut"},"schema":{"@context":"https:\/\/schema.org","@graph":[{"@type":"WebPage","@id":"https:\/\/www.sajeta.org\/sl\/privacy-policy\/","url":"https:\/\/www.sajeta.org\/sl\/privacy-policy\/","name":"POLITIKA VARSTVA OSEBNIH PODATKOV - Sajeta","isPartOf":{"@id":"https:\/\/www.sajeta.org\/sl\/#website"},"datePublished":"2020-06-18T16:55:11+00:00","dateModified":"2020-06-22T08:30:36+00:00","breadcrumb":{"@id":"https:\/\/www.sajeta.org\/sl\/privacy-policy\/#breadcrumb"},"inLanguage":"sl-SI","potentialAction":[{"@type":"ReadAction","target":["https:\/\/www.sajeta.org\/sl\/privacy-policy\/"]}]},{"@type":"BreadcrumbList","@id":"https:\/\/www.sajeta.org\/sl\/privacy-policy\/#breadcrumb","itemListElement":[{"@type":"ListItem","position":1,"name":"Domov","item":"https:\/\/www.sajeta.org\/sl\/"},{"@type":"ListItem","position":2,"name":"POLITIKA VARSTVA OSEBNIH PODATKOV"}]},{"@type":"WebSite","@id":"https:\/\/www.sajeta.org\/sl\/#website","url":"https:\/\/www.sajeta.org\/sl\/","name":"Sajeta","description":"Art &amp; Music Festival","potentialAction":[{"@type":"SearchAction","target":{"@type":"EntryPoint","urlTemplate":"https:\/\/www.sajeta.org\/sl\/?s={search_term_string}"},"query-input":"required name=search_term_string"}],"inLanguage":"sl-SI"}]}},"_links":{"self":[{"href":"https:\/\/www.sajeta.org\/sl\/wp-json\/wp\/v2\/pages\/1551"}],"collection":[{"href":"https:\/\/www.sajeta.org\/sl\/wp-json\/wp\/v2\/pages"}],"about":[{"href":"https:\/\/www.sajeta.org\/sl\/wp-json\/wp\/v2\/types\/page"}],"author":[{"embeddable":true,"href":"https:\/\/www.sajeta.org\/sl\/wp-json\/wp\/v2\/users\/1"}],"replies":[{"embeddable":true,"href":"https:\/\/www.sajeta.org\/sl\/wp-json\/wp\/v2\/comments?post=1551"}],"version-history":[{"count":4,"href":"https:\/\/www.sajeta.org\/sl\/wp-json\/wp\/v2\/pages\/1551\/revisions"}],"predecessor-version":[{"id":1727,"href":"https:\/\/www.sajeta.org\/sl\/wp-json\/wp\/v2\/pages\/1551\/revisions\/1727"}],"wp:attachment":[{"href":"https:\/\/www.sajeta.org\/sl\/wp-json\/wp\/v2\/media?parent=1551"}],"curies":[{"name":"wp","href":"https:\/\/api.w.org\/{rel}","templated":true}]}}