{"id":1556,"date":"2020-06-18T16:58:20","date_gmt":"2020-06-18T16:58:20","guid":{"rendered":"https:\/\/www.sajeta.org\/?page_id=1556"},"modified":"2020-06-22T09:06:14","modified_gmt":"2020-06-22T09:06:14","slug":"terms-conditions","status":"publish","type":"page","link":"https:\/\/www.sajeta.org\/en\/terms-conditions\/","title":{"rendered":"Terms &#038; Conditions"},"content":{"rendered":"\n<ul><li>The Website Festival Sajeta is owned and operated by\u00a0ZVEZA DRU\u0160TEV MLADIH IN KREATIVNIH TOLMIN, Gregor\u010di\u010deva 2, 5220 Tolmin, mati\u010dna \u0161tevilka: 1130358000 (v nadaljevanju: Zveza MINK) and you as a\u00a0user of the Website\u00a0(\u201cyou\/your\u201d).<\/li><li>By\u00a0accessing the Website, you agree to\u00a0be bound by\u00a0the terms and conditions appearing in this document (\u201cthe Conditions\u201d) and you accept our Privacy\u00a0Policy.<\/li><li>Any personal data you transmit to\u00a0us by\u00a0electronic mail or otherwise will be used by\u00a0us in accordance with our Privacy Policy and you accept our Privacy Policy which is available for viewing here:\u00a0<a rel=\"noreferrer noopener\" href=\"https:\/\/www.sajeta.org\/en\/privacy-policy\/\" target=\"_blank\">www.womad.co.uk\/privacy-cookie-policy\/<\/a><\/li><li>We\u00a0may alter these Conditions at any time and your use of the whole\/any part of the Website following such change shall be deemed to\u00a0be your acceptance of such change. It is your responsibility to\u00a0check regularly to\u00a0determine whether the Conditions have been changed. If you do\u00a0not agree to\u00a0any change to\u00a0the Conditions then you must immediately stop using the\u00a0Website.<\/li><li>We\u00a0reserve the right to\u00a0modify or withdraw, temporarily or permanently, the whole\/any part of Website with or without notice to\u00a0you and you confirm that we\u00a0shall not be liable to\u00a0you or any third party for any modification to\u00a0or withdrawal of the\u00a0Website.<\/li><li>The Website is subject to\u00a0constant change. You will not be eligible for any compensation because you cannot use any part of the Website or because of a\u00a0failure, suspension or withdrawal of all or part of the\u00a0Website<\/li><li>You shall not use the Website for any illegal or immoral purposes, and you will use it in compliance with all applicable laws and regulations. You agree not to\u00a0use the Website in a\u00a0way that may cause the Website to\u00a0be interrupted, damaged, rendered less efficient or such that the effectiveness or functionality of the Website is in any way\u00a0impaired.<\/li><li>You agree not to\u00a0attempt any unauthorised access to\u00a0any part or component of the Website; and you agree that in the event that you have any right, claim or action against any Website users arising out of that user\u2019s use of the Website, then you will pursue such right, claim or action independently of and without recourse to\u00a0us<\/li><li>You agree to\u00a0be fully responsible for (and fully indemnify us against) all claims, liability, damages, losses, costs and expenses (including legal fees) suffered by\u00a0us and arising out of any breach of these Conditions by\u00a0you or any other liabilities arising out of your use of the Website, or the use by\u00a0any other person accessing the Website using your computer or internet access\u00a0account.<\/li><li>We\u00a0are not responsible for the availability of any external sites or resources, and do\u00a0not endorse and are not responsible or liable, directly or indirectly, for the privacy practices or the content (including misrepresentative or defamatory content) of any third party websites, including (without limitation) any advertising, products or other materials or services on or available from such websites or resources, nor for any damage, loss or offence caused or alleged to\u00a0be caused by, or in connection with, the use of or reliance on any such content, goods or services available on such external sites or\u00a0resources.<\/li><li>We\u00a0have the right, but not the obligation, to\u00a0monitor any activity and content associated with the Website. We\u00a0may investigate any reported violation of these Conditions or complaints and take any action that we\u00a0deem appropriate (which may include, but is not limited to, issuing warnings, suspending, terminating or attaching conditions to\u00a0your access and\/or removing any materials from the\u00a0Website).<\/li><li>You acknowledge and agree that all copyright, trademarks and all other intellectual property rights in all material or content supplied as part of the Website shall remain at all times vested in us or our licensors. You are permitted to\u00a0use this material only as expressly authorised by\u00a0us.<\/li><li>You acknowledge and agree that the material and content contained within the Website is made available for your personal non-commercial use only and that you may download such material and content onto only one computer hard drive for such purpose. Any other use of the material and content of the Website is strictly prohibited. You agree not to\u00a0(and agree not to\u00a0assist or facilitate any third party to) copy, reproduce, transmit, publish, display, distribute, commercially exploit or create derivative works of such material and\u00a0content.<\/li><li>You should assume that everything you see and read on the Website is copyrighted unless otherwise noted and may not be used except as provided by\u00a0the Conditions. All rights\u00a0reserved.<\/li><li>We\u00a0are not responsible for any injury, loss, claim, damage, or any direct, incidental or consequential damages of any kind (including but not limited to\u00a0lost profits, lost savings or revenue, or loss or corruption of data or information) which arises out of or is in any way connected with your use of the Website. However, nothing in the Conditions shall exclude or limit our liability for death or personal injury resulting from our negligence or that of our servants, agents or\u00a0employees.<\/li><li>We\u00a0will not be liable in contract, tort or otherwise if you incur loss or damage by\u00a0connecting to\u00a0the Website through a\u00a0third party\u2019s hypertext\u00a0link.<\/li><li>Notwithstanding any other provision in the Conditions, nothing shall limit your rights as a\u00a0consumer under Slovenian law where or insofar as such rights cannot be derogated from by\u00a0contract.<\/li><li>If any part of the Conditions shall be deemed unlawful, void or for any reason unenforceable, then that provision shall be deemed to\u00a0be severable from these Conditions and shall not effect the validity and enforceability of any of the remaining provisions of the\u00a0Conditions.<\/li><li>These Conditions and the Privacy Policy referred to\u00a0herein (as amended from time to\u00a0time) contain the entire agreement between you and us relating to\u00a0the subject matter covered and supersede any previous agreements, arrangements, undertakings or proposals, written or oral, between you and us in relation to\u00a0such matters. No oral explanation or oral information given by\u00a0either of us shall alter the interpretation of these Conditions. You confirm that, in agreeing to\u00a0accept these Conditions, you have not relied on any representation save insofar as the same has expressly been made a\u00a0representation in these Conditions and you agree that you shall have no remedy in respect of any misrepresentation which has not become a\u00a0term of these Conditions save that your agreement contained in this clause shall not apply in respect of any fraudulent misrepresentation whether or not such has become a\u00a0term of these\u00a0Conditions.<\/li><li>These Conditions will be exclusively governed by\u00a0and construed in accordance with the laws of Slovenian whose Courts will have exclusive jurisdiction in any dispute, save that we\u00a0have the right, at our sole discretion, to\u00a0commence and pursue proceedings in alternative\u00a0jurisdictions.<\/li><li>If you wish to\u00a0contact us please email info@sajeta.org<\/li><\/ul>\n\n\n\n<p>Ticket terms and conditions: Ticket Conditions of Sale<\/p>\n\n\n\n<p>1. All tickets are non-returnable.<\/p>\n\n\n\n<p>2. We\u00a0do not offer refunds on the basis of inclement weather.<\/p>\n\n\n\n<p>3. Lost tickets and wristbands will not be replaced.<\/p>\n\n\n\n<p>4. You will be required to\u00a0exchange this ticket for a\u00a0wristband which must be worn on the wrist at all times during your attendance at the festival.<\/p>\n\n\n\n<p>7. On entry on to\u00a0the site, you accept you may be searched at the entrance or any part within. <br><br>8. Persons resisting searches may be refused entry, or be evicted from the site and have wristband removed.<\/p>\n\n\n\n<p>9. No overnight drumming allowed anywhere on site.<\/p>\n\n\n\n<p>12. In the event of anti-social, unruly, unsafe or illegal behaviour or in the event of non-cooperation with event officials you may not be admitted or may be required to&nbsp;leave the site. In this case no readmission will be permitted<\/p>\n\n\n\n<p>13. Line-up is subject to&nbsp;change.<\/p>\n\n\n\n<p>14. Ticket holders consent to\u00a0being filmed, photographed and recorded. <br><br>15. All people under 18 must be accompanied by\u00a0an adult aged 22 or over \u2013 proof of age will be required on site.<\/p>\n","protected":false},"excerpt":{"rendered":"<p>The Website Festival Sajeta is owned and operated by\u00a0ZVEZA DRU\u0160TEV MLADIH IN KREATIVNIH TOLMIN, Gregor\u010di\u010deva 2, 5220 Tolmin, mati\u010dna \u0161tevilka: 1130358000 (v nadaljevanju: Zveza MINK) and you as a\u00a0user of the Website\u00a0(\u201cyou\/your\u201d). By\u00a0accessing the Website, you agree to\u00a0be bound by\u00a0the terms and conditions appearing in this document (\u201cthe Conditions\u201d) and you accept our Privacy\u00a0Policy. Any [&hellip;]<\/p>\n","protected":false},"author":1,"featured_media":0,"parent":0,"menu_order":0,"comment_status":"closed","ping_status":"closed","template":"","meta":{"_acf_changed":false,"inline_featured_image":false,"footnotes":""},"acf":[],"yoast_head":"<!-- This site is optimized with the Yoast SEO plugin v22.7 - https:\/\/yoast.com\/wordpress\/plugins\/seo\/ -->\n<title>Terms &amp; Conditions - Sajeta<\/title>\n<meta name=\"robots\" content=\"index, follow, max-snippet:-1, max-image-preview:large, max-video-preview:-1\" \/>\n<link rel=\"canonical\" href=\"https:\/\/www.sajeta.org\/en\/terms-conditions\/\" \/>\n<meta property=\"og:locale\" content=\"en_US\" \/>\n<meta property=\"og:type\" content=\"article\" \/>\n<meta property=\"og:title\" content=\"Terms &amp; Conditions - Sajeta\" \/>\n<meta property=\"og:description\" content=\"The Website Festival Sajeta is owned and operated by\u00a0ZVEZA DRU\u0160TEV MLADIH IN KREATIVNIH TOLMIN, Gregor\u010di\u010deva 2, 5220 Tolmin, mati\u010dna \u0161tevilka: 1130358000 (v nadaljevanju: Zveza MINK) and you as a\u00a0user of the Website\u00a0(\u201cyou\/your\u201d). By\u00a0accessing the Website, you agree to\u00a0be bound by\u00a0the terms and conditions appearing in this document (\u201cthe Conditions\u201d) and you accept our Privacy\u00a0Policy. Any [&hellip;]\" \/>\n<meta property=\"og:url\" content=\"https:\/\/www.sajeta.org\/en\/terms-conditions\/\" \/>\n<meta property=\"og:site_name\" content=\"Sajeta\" \/>\n<meta property=\"article:modified_time\" content=\"2020-06-22T09:06:14+00:00\" \/>\n<meta name=\"twitter:card\" content=\"summary_large_image\" \/>\n<meta name=\"twitter:label1\" content=\"Est. reading time\" \/>\n\t<meta name=\"twitter:data1\" content=\"7 minutes\" \/>\n<script type=\"application\/ld+json\" class=\"yoast-schema-graph\">{\"@context\":\"https:\/\/schema.org\",\"@graph\":[{\"@type\":\"WebPage\",\"@id\":\"https:\/\/www.sajeta.org\/en\/terms-conditions\/\",\"url\":\"https:\/\/www.sajeta.org\/en\/terms-conditions\/\",\"name\":\"Terms & Conditions - Sajeta\",\"isPartOf\":{\"@id\":\"https:\/\/www.sajeta.org\/en\/#website\"},\"datePublished\":\"2020-06-18T16:58:20+00:00\",\"dateModified\":\"2020-06-22T09:06:14+00:00\",\"breadcrumb\":{\"@id\":\"https:\/\/www.sajeta.org\/en\/terms-conditions\/#breadcrumb\"},\"inLanguage\":\"en-US\",\"potentialAction\":[{\"@type\":\"ReadAction\",\"target\":[\"https:\/\/www.sajeta.org\/en\/terms-conditions\/\"]}]},{\"@type\":\"BreadcrumbList\",\"@id\":\"https:\/\/www.sajeta.org\/en\/terms-conditions\/#breadcrumb\",\"itemListElement\":[{\"@type\":\"ListItem\",\"position\":1,\"name\":\"Home\",\"item\":\"https:\/\/www.sajeta.org\/en\/\"},{\"@type\":\"ListItem\",\"position\":2,\"name\":\"Terms &#038; Conditions\"}]},{\"@type\":\"WebSite\",\"@id\":\"https:\/\/www.sajeta.org\/en\/#website\",\"url\":\"https:\/\/www.sajeta.org\/en\/\",\"name\":\"Sajeta\",\"description\":\"Art and Music Festival\",\"potentialAction\":[{\"@type\":\"SearchAction\",\"target\":{\"@type\":\"EntryPoint\",\"urlTemplate\":\"https:\/\/www.sajeta.org\/en\/?s={search_term_string}\"},\"query-input\":\"required name=search_term_string\"}],\"inLanguage\":\"en-US\"}]}<\/script>\n<!-- \/ Yoast SEO plugin. -->","yoast_head_json":{"title":"Terms & Conditions - Sajeta","robots":{"index":"index","follow":"follow","max-snippet":"max-snippet:-1","max-image-preview":"max-image-preview:large","max-video-preview":"max-video-preview:-1"},"canonical":"https:\/\/www.sajeta.org\/en\/terms-conditions\/","og_locale":"en_US","og_type":"article","og_title":"Terms & Conditions - Sajeta","og_description":"The Website Festival Sajeta is owned and operated by\u00a0ZVEZA DRU\u0160TEV MLADIH IN KREATIVNIH TOLMIN, Gregor\u010di\u010deva 2, 5220 Tolmin, mati\u010dna \u0161tevilka: 1130358000 (v nadaljevanju: Zveza MINK) and you as a\u00a0user of the Website\u00a0(\u201cyou\/your\u201d). By\u00a0accessing the Website, you agree to\u00a0be bound by\u00a0the terms and conditions appearing in this document (\u201cthe Conditions\u201d) and you accept our Privacy\u00a0Policy. Any [&hellip;]","og_url":"https:\/\/www.sajeta.org\/en\/terms-conditions\/","og_site_name":"Sajeta","article_modified_time":"2020-06-22T09:06:14+00:00","twitter_card":"summary_large_image","twitter_misc":{"Est. reading time":"7 minutes"},"schema":{"@context":"https:\/\/schema.org","@graph":[{"@type":"WebPage","@id":"https:\/\/www.sajeta.org\/en\/terms-conditions\/","url":"https:\/\/www.sajeta.org\/en\/terms-conditions\/","name":"Terms & Conditions - Sajeta","isPartOf":{"@id":"https:\/\/www.sajeta.org\/en\/#website"},"datePublished":"2020-06-18T16:58:20+00:00","dateModified":"2020-06-22T09:06:14+00:00","breadcrumb":{"@id":"https:\/\/www.sajeta.org\/en\/terms-conditions\/#breadcrumb"},"inLanguage":"en-US","potentialAction":[{"@type":"ReadAction","target":["https:\/\/www.sajeta.org\/en\/terms-conditions\/"]}]},{"@type":"BreadcrumbList","@id":"https:\/\/www.sajeta.org\/en\/terms-conditions\/#breadcrumb","itemListElement":[{"@type":"ListItem","position":1,"name":"Home","item":"https:\/\/www.sajeta.org\/en\/"},{"@type":"ListItem","position":2,"name":"Terms &#038; Conditions"}]},{"@type":"WebSite","@id":"https:\/\/www.sajeta.org\/en\/#website","url":"https:\/\/www.sajeta.org\/en\/","name":"Sajeta","description":"Art and Music Festival","potentialAction":[{"@type":"SearchAction","target":{"@type":"EntryPoint","urlTemplate":"https:\/\/www.sajeta.org\/en\/?s={search_term_string}"},"query-input":"required name=search_term_string"}],"inLanguage":"en-US"}]}},"_links":{"self":[{"href":"https:\/\/www.sajeta.org\/en\/wp-json\/wp\/v2\/pages\/1556"}],"collection":[{"href":"https:\/\/www.sajeta.org\/en\/wp-json\/wp\/v2\/pages"}],"about":[{"href":"https:\/\/www.sajeta.org\/en\/wp-json\/wp\/v2\/types\/page"}],"author":[{"embeddable":true,"href":"https:\/\/www.sajeta.org\/en\/wp-json\/wp\/v2\/users\/1"}],"replies":[{"embeddable":true,"href":"https:\/\/www.sajeta.org\/en\/wp-json\/wp\/v2\/comments?post=1556"}],"version-history":[{"count":3,"href":"https:\/\/www.sajeta.org\/en\/wp-json\/wp\/v2\/pages\/1556\/revisions"}],"predecessor-version":[{"id":1729,"href":"https:\/\/www.sajeta.org\/en\/wp-json\/wp\/v2\/pages\/1556\/revisions\/1729"}],"wp:attachment":[{"href":"https:\/\/www.sajeta.org\/en\/wp-json\/wp\/v2\/media?parent=1556"}],"curies":[{"name":"wp","href":"https:\/\/api.w.org\/{rel}","templated":true}]}}